{"id":56,"date":"2024-04-13T08:23:53","date_gmt":"2024-04-13T08:23:53","guid":{"rendered":"https:\/\/parkserviceflughaven.de\/?page_id=56"},"modified":"2024-04-23T20:27:20","modified_gmt":"2024-04-23T20:27:20","slug":"parkservice","status":"publish","type":"page","link":"https:\/\/parkserviceflughaven.de\/","title":{"rendered":"PARKSERVICE"},"content":{"rendered":"\t\t<div data-elementor-type=\"wp-page\" data-elementor-id=\"56\" class=\"elementor elementor-56\">\n\t\t\t\t<div class=\"elementor-element elementor-element-7ab21b9 e-flex e-con-boxed e-con e-parent\" data-id=\"7ab21b9\" data-element_type=\"container\" data-core-v316-plus=\"true\">\n\t\t\t\t\t<div class=\"e-con-inner\">\n\t\t\t\t<div class=\"elementor-element elementor-element-ea476a2 elementor-widget elementor-widget-heading\" data-id=\"ea476a2\" data-element_type=\"widget\" data-widget_type=\"heading.default\">\n\t\t\t\t<div class=\"elementor-widget-container\">\n\t\t\t<style>\/*! elementor - v3.20.0 - 10-04-2024 *\/\n.elementor-heading-title{padding:0;margin:0;line-height:1}.elementor-widget-heading .elementor-heading-title[class*=elementor-size-]>a{color:inherit;font-size:inherit;line-height:inherit}.elementor-widget-heading .elementor-heading-title.elementor-size-small{font-size:15px}.elementor-widget-heading .elementor-heading-title.elementor-size-medium{font-size:19px}.elementor-widget-heading .elementor-heading-title.elementor-size-large{font-size:29px}.elementor-widget-heading .elementor-heading-title.elementor-size-xl{font-size:39px}.elementor-widget-heading .elementor-heading-title.elementor-size-xxl{font-size:59px}<\/style><h2 class=\"elementor-heading-title elementor-size-default\">Valet Parken Flughafen D\u00fcsseldorf<\/h2>\t\t<\/div>\n\t\t\t\t<\/div>\n\t\t\t\t\t<\/div>\n\t\t\t\t<\/div>\n\t\t<div class=\"elementor-element elementor-element-e488bee e-grid e-con-boxed e-con e-parent\" data-id=\"e488bee\" data-element_type=\"container\" data-core-v316-plus=\"true\">\n\t\t\t\t\t<div class=\"e-con-inner\">\n\t\t\t\t<div class=\"elementor-element elementor-element-be35351 elementor-widget elementor-widget-text-editor\" data-id=\"be35351\" data-element_type=\"widget\" data-widget_type=\"text-editor.default\">\n\t\t\t\t<div class=\"elementor-widget-container\">\n\t\t\t<style>\/*! elementor - v3.20.0 - 10-04-2024 *\/\n.elementor-widget-text-editor.elementor-drop-cap-view-stacked .elementor-drop-cap{background-color:#69727d;color:#fff}.elementor-widget-text-editor.elementor-drop-cap-view-framed .elementor-drop-cap{color:#69727d;border:3px solid;background-color:transparent}.elementor-widget-text-editor:not(.elementor-drop-cap-view-default) .elementor-drop-cap{margin-top:8px}.elementor-widget-text-editor:not(.elementor-drop-cap-view-default) .elementor-drop-cap-letter{width:1em;height:1em}.elementor-widget-text-editor .elementor-drop-cap{float:left;text-align:center;line-height:1;font-size:50px}.elementor-widget-text-editor .elementor-drop-cap-letter{display:inline-block}<\/style>\t\t\t\t<ul><li>Sie fahren entspannt und stressfrei zum Flughafen D\u00fcsseldorf, an das Abflug Terminal zwischen B- C.<\/li><li>Unsere Mitarbeiter erkennen Sie anhand der Daten die Sie bei der Buchung angegeben haben und kommen direkt auf Sie zu, wir k\u00fcmmern uns um Ihr Fahrzeug.<\/li><li>Wir \u00fcberf\u00fchren Ihr Fahrzeug zu dem Parklatz.<\/li><li>Nach dem R\u00fcckflug fordern Sie \u00fcber unsere Servicehotline einfach Ihr Fahrzeug an und wir bringen Ihr Auto direkt zum Flughafen D\u00fcsseldorf an Ihr Terminal wieder Abflug Zwischen B-C.<\/li><\/ul>\t\t\t\t\t\t<\/div>\n\t\t\t\t<\/div>\n\t\t\t\t<div class=\"elementor-element elementor-element-ec29840 elementor-widget elementor-widget-image\" data-id=\"ec29840\" data-element_type=\"widget\" data-widget_type=\"image.default\">\n\t\t\t\t<div class=\"elementor-widget-container\">\n\t\t\t<style>\/*! elementor - v3.20.0 - 10-04-2024 *\/\n.elementor-widget-image{text-align:center}.elementor-widget-image a{display:inline-block}.elementor-widget-image a img[src$=\".svg\"]{width:48px}.elementor-widget-image img{vertical-align:middle;display:inline-block}<\/style>\t\t\t\t\t\t\t\t\t\t<img fetchpriority=\"high\" decoding=\"async\" width=\"1024\" height=\"571\" src=\"https:\/\/parkserviceflughaven.de\/wp-content\/uploads\/2024\/04\/Bildschirmfoto-2024-04-18-um-15.26.01-1024x571.png\" class=\"attachment-large size-large wp-image-125\" alt=\"\" srcset=\"https:\/\/parkserviceflughaven.de\/wp-content\/uploads\/2024\/04\/Bildschirmfoto-2024-04-18-um-15.26.01-1024x571.png 1024w, https:\/\/parkserviceflughaven.de\/wp-content\/uploads\/2024\/04\/Bildschirmfoto-2024-04-18-um-15.26.01-300x167.png 300w, https:\/\/parkserviceflughaven.de\/wp-content\/uploads\/2024\/04\/Bildschirmfoto-2024-04-18-um-15.26.01-768x428.png 768w, https:\/\/parkserviceflughaven.de\/wp-content\/uploads\/2024\/04\/Bildschirmfoto-2024-04-18-um-15.26.01.png 1438w\" sizes=\"(max-width: 1024px) 100vw, 1024px\" \/>\t\t\t\t\t\t\t\t\t\t\t\t\t<\/div>\n\t\t\t\t<\/div>\n\t\t\t\t\t<\/div>\n\t\t\t\t<\/div>\n\t\t\t\t<\/div>\n\t\t","protected":false},"excerpt":{"rendered":"<p>Valet Parken Flughafen D\u00fcsseldorf Sie fahren entspannt und stressfrei zum Flughafen D\u00fcsseldorf, an das Abflug Terminal zwischen B- C. Unsere Mitarbeiter erkennen Sie anhand der Daten die Sie bei der Buchung angegeben haben und kommen direkt auf Sie zu, wir k\u00fcmmern uns um Ihr Fahrzeug. Wir \u00fcberf\u00fchren Ihr Fahrzeug zu dem Parklatz. Nach dem R\u00fcckflug [&hellip;]<\/p>\n","protected":false},"author":1,"featured_media":0,"parent":0,"menu_order":0,"comment_status":"closed","ping_status":"closed","template":"","meta":{"ocean_post_layout":"full-screen","ocean_both_sidebars_style":"","ocean_both_sidebars_content_width":0,"ocean_both_sidebars_sidebars_width":0,"ocean_sidebar":"","ocean_second_sidebar":"","ocean_disable_margins":"enable","ocean_add_body_class":"","ocean_shortcode_before_top_bar":"","ocean_shortcode_after_top_bar":"","ocean_shortcode_before_header":"","ocean_shortcode_after_header":"","ocean_has_shortcode":"","ocean_shortcode_after_title":"","ocean_shortcode_before_footer_widgets":"","ocean_shortcode_after_footer_widgets":"","ocean_shortcode_before_footer_bottom":"","ocean_shortcode_after_footer_bottom":"","ocean_display_top_bar":"default","ocean_display_header":"default","ocean_header_style":"","ocean_center_header_left_menu":"","ocean_custom_header_template":"","ocean_custom_logo":0,"ocean_custom_retina_logo":0,"ocean_custom_logo_max_width":0,"ocean_custom_logo_tablet_max_width":0,"ocean_custom_logo_mobile_max_width":0,"ocean_custom_logo_max_height":0,"ocean_custom_logo_tablet_max_height":0,"ocean_custom_logo_mobile_max_height":0,"ocean_header_custom_menu":"","ocean_menu_typo_font_family":"","ocean_menu_typo_font_subset":"","ocean_menu_typo_font_size":0,"ocean_menu_typo_font_size_tablet":0,"ocean_menu_typo_font_size_mobile":0,"ocean_menu_typo_font_size_unit":"px","ocean_menu_typo_font_weight":"","ocean_menu_typo_font_weight_tablet":"","ocean_menu_typo_font_weight_mobile":"","ocean_menu_typo_transform":"","ocean_menu_typo_transform_tablet":"","ocean_menu_typo_transform_mobile":"","ocean_menu_typo_line_height":0,"ocean_menu_typo_line_height_tablet":0,"ocean_menu_typo_line_height_mobile":0,"ocean_menu_typo_line_height_unit":"","ocean_menu_typo_spacing":0,"ocean_menu_typo_spacing_tablet":0,"ocean_menu_typo_spacing_mobile":0,"ocean_menu_typo_spacing_unit":"","ocean_menu_link_color":"","ocean_menu_link_color_hover":"","ocean_menu_link_color_active":"","ocean_menu_link_background":"","ocean_menu_link_hover_background":"","ocean_menu_link_active_background":"","ocean_menu_social_links_bg":"","ocean_menu_social_hover_links_bg":"","ocean_menu_social_links_color":"","ocean_menu_social_hover_links_color":"","ocean_disable_title":"default","ocean_disable_heading":"default","ocean_post_title":"","ocean_post_subheading":"","ocean_post_title_style":"","ocean_post_title_background_color":"","ocean_post_title_background":0,"ocean_post_title_bg_image_position":"","ocean_post_title_bg_image_attachment":"","ocean_post_title_bg_image_repeat":"","ocean_post_title_bg_image_size":"","ocean_post_title_height":0,"ocean_post_title_bg_overlay":0.5,"ocean_post_title_bg_overlay_color":"","ocean_disable_breadcrumbs":"default","ocean_breadcrumbs_color":"","ocean_breadcrumbs_separator_color":"","ocean_breadcrumbs_links_color":"","ocean_breadcrumbs_links_hover_color":"","ocean_display_footer_widgets":"off","ocean_display_footer_bottom":"off","ocean_custom_footer_template":"","footnotes":""},"class_list":["post-56","page","type-page","status-publish","hentry","entry"],"yoast_head":"<!-- This site is optimized with the Yoast SEO plugin v22.4 - https:\/\/yoast.com\/wordpress\/plugins\/seo\/ -->\n<title>PARKSERVICE - Valet parken D\u00fcsseldorf Flughafen<\/title>\n<meta name=\"robots\" content=\"index, follow, max-snippet:-1, max-image-preview:large, max-video-preview:-1\" \/>\n<link rel=\"canonical\" href=\"https:\/\/parkserviceflughaven.de\/\" \/>\n<meta property=\"og:locale\" content=\"de_DE\" \/>\n<meta property=\"og:type\" content=\"article\" \/>\n<meta property=\"og:title\" content=\"PARKSERVICE - Valet parken D\u00fcsseldorf Flughafen\" \/>\n<meta property=\"og:description\" content=\"Valet Parken Flughafen D\u00fcsseldorf Sie fahren entspannt und stressfrei zum Flughafen D\u00fcsseldorf, an das Abflug Terminal zwischen B- C. Unsere Mitarbeiter erkennen Sie anhand der Daten die Sie bei der Buchung angegeben haben und kommen direkt auf Sie zu, wir k\u00fcmmern uns um Ihr Fahrzeug. Wir \u00fcberf\u00fchren Ihr Fahrzeug zu dem Parklatz. Nach dem R\u00fcckflug [&hellip;]\" \/>\n<meta property=\"og:url\" content=\"https:\/\/parkserviceflughaven.de\/\" \/>\n<meta property=\"og:site_name\" content=\"Valet parken D\u00fcsseldorf Flughafen\" \/>\n<meta property=\"article:modified_time\" content=\"2024-04-23T20:27:20+00:00\" \/>\n<meta property=\"og:image\" content=\"https:\/\/parkserviceflughaven.de\/wp-content\/uploads\/2024\/04\/Bildschirmfoto-2024-04-18-um-15.26.01-1024x571.png\" \/>\n<meta name=\"twitter:card\" content=\"summary_large_image\" \/>\n<meta name=\"twitter:label1\" content=\"Gesch\u00e4tzte Lesezeit\" \/>\n\t<meta name=\"twitter:data1\" content=\"1\u00a0Minute\" \/>\n<script type=\"application\/ld+json\" class=\"yoast-schema-graph\">{\"@context\":\"https:\/\/schema.org\",\"@graph\":[{\"@type\":\"WebPage\",\"@id\":\"https:\/\/parkserviceflughaven.de\/\",\"url\":\"https:\/\/parkserviceflughaven.de\/\",\"name\":\"PARKSERVICE - Valet parken D\u00fcsseldorf Flughafen\",\"isPartOf\":{\"@id\":\"https:\/\/parkserviceflughaven.de\/#website\"},\"primaryImageOfPage\":{\"@id\":\"https:\/\/parkserviceflughaven.de\/#primaryimage\"},\"image\":{\"@id\":\"https:\/\/parkserviceflughaven.de\/#primaryimage\"},\"thumbnailUrl\":\"https:\/\/parkserviceflughaven.de\/wp-content\/uploads\/2024\/04\/Bildschirmfoto-2024-04-18-um-15.26.01-1024x571.png\",\"datePublished\":\"2024-04-13T08:23:53+00:00\",\"dateModified\":\"2024-04-23T20:27:20+00:00\",\"breadcrumb\":{\"@id\":\"https:\/\/parkserviceflughaven.de\/#breadcrumb\"},\"inLanguage\":\"de\",\"potentialAction\":[{\"@type\":\"ReadAction\",\"target\":[\"https:\/\/parkserviceflughaven.de\/\"]}]},{\"@type\":\"ImageObject\",\"inLanguage\":\"de\",\"@id\":\"https:\/\/parkserviceflughaven.de\/#primaryimage\",\"url\":\"https:\/\/parkserviceflughaven.de\/wp-content\/uploads\/2024\/04\/Bildschirmfoto-2024-04-18-um-15.26.01.png\",\"contentUrl\":\"https:\/\/parkserviceflughaven.de\/wp-content\/uploads\/2024\/04\/Bildschirmfoto-2024-04-18-um-15.26.01.png\",\"width\":1438,\"height\":802},{\"@type\":\"BreadcrumbList\",\"@id\":\"https:\/\/parkserviceflughaven.de\/#breadcrumb\",\"itemListElement\":[{\"@type\":\"ListItem\",\"position\":1,\"name\":\"Startseite\",\"item\":\"https:\/\/parkserviceflughaven.de\/\"},{\"@type\":\"ListItem\",\"position\":2,\"name\":\"PARKSERVICE\"}]},{\"@type\":\"WebSite\",\"@id\":\"https:\/\/parkserviceflughaven.de\/#website\",\"url\":\"https:\/\/parkserviceflughaven.de\/\",\"name\":\"Valet parken D\u00fcsseldorf Flughafen\",\"description\":\"Fahrzeugabgabe \/ Abholung 08.00 - 00.00 Uhr\",\"publisher\":{\"@id\":\"https:\/\/parkserviceflughaven.de\/#organization\"},\"potentialAction\":[{\"@type\":\"SearchAction\",\"target\":{\"@type\":\"EntryPoint\",\"urlTemplate\":\"https:\/\/parkserviceflughaven.de\/?s={search_term_string}\"},\"query-input\":\"required name=search_term_string\"}],\"inLanguage\":\"de\"},{\"@type\":\"Organization\",\"@id\":\"https:\/\/parkserviceflughaven.de\/#organization\",\"name\":\"Valet parken D\u00fcsseldorf Flughafen\",\"url\":\"https:\/\/parkserviceflughaven.de\/\",\"logo\":{\"@type\":\"ImageObject\",\"inLanguage\":\"de\",\"@id\":\"https:\/\/parkserviceflughaven.de\/#\/schema\/logo\/image\/\",\"url\":\"https:\/\/parkserviceflughaven.de\/wp-content\/uploads\/2024\/04\/cropped-Bildschirmfoto-2024-04-16-um-00.09.24.png\",\"contentUrl\":\"https:\/\/parkserviceflughaven.de\/wp-content\/uploads\/2024\/04\/cropped-Bildschirmfoto-2024-04-16-um-00.09.24.png\",\"width\":492,\"height\":135,\"caption\":\"Valet parken D\u00fcsseldorf Flughafen\"},\"image\":{\"@id\":\"https:\/\/parkserviceflughaven.de\/#\/schema\/logo\/image\/\"}}]}<\/script>\n<!-- \/ Yoast SEO plugin. -->","yoast_head_json":{"title":"PARKSERVICE - Valet parken D\u00fcsseldorf Flughafen","robots":{"index":"index","follow":"follow","max-snippet":"max-snippet:-1","max-image-preview":"max-image-preview:large","max-video-preview":"max-video-preview:-1"},"canonical":"https:\/\/parkserviceflughaven.de\/","og_locale":"de_DE","og_type":"article","og_title":"PARKSERVICE - Valet parken D\u00fcsseldorf Flughafen","og_description":"Valet Parken Flughafen D\u00fcsseldorf Sie fahren entspannt und stressfrei zum Flughafen D\u00fcsseldorf, an das Abflug Terminal zwischen B- C. Unsere Mitarbeiter erkennen Sie anhand der Daten die Sie bei der Buchung angegeben haben und kommen direkt auf Sie zu, wir k\u00fcmmern uns um Ihr Fahrzeug. Wir \u00fcberf\u00fchren Ihr Fahrzeug zu dem Parklatz. Nach dem R\u00fcckflug [&hellip;]","og_url":"https:\/\/parkserviceflughaven.de\/","og_site_name":"Valet parken D\u00fcsseldorf Flughafen","article_modified_time":"2024-04-23T20:27:20+00:00","og_image":[{"url":"https:\/\/parkserviceflughaven.de\/wp-content\/uploads\/2024\/04\/Bildschirmfoto-2024-04-18-um-15.26.01-1024x571.png"}],"twitter_card":"summary_large_image","twitter_misc":{"Gesch\u00e4tzte Lesezeit":"1\u00a0Minute"},"schema":{"@context":"https:\/\/schema.org","@graph":[{"@type":"WebPage","@id":"https:\/\/parkserviceflughaven.de\/","url":"https:\/\/parkserviceflughaven.de\/","name":"PARKSERVICE - Valet parken D\u00fcsseldorf Flughafen","isPartOf":{"@id":"https:\/\/parkserviceflughaven.de\/#website"},"primaryImageOfPage":{"@id":"https:\/\/parkserviceflughaven.de\/#primaryimage"},"image":{"@id":"https:\/\/parkserviceflughaven.de\/#primaryimage"},"thumbnailUrl":"https:\/\/parkserviceflughaven.de\/wp-content\/uploads\/2024\/04\/Bildschirmfoto-2024-04-18-um-15.26.01-1024x571.png","datePublished":"2024-04-13T08:23:53+00:00","dateModified":"2024-04-23T20:27:20+00:00","breadcrumb":{"@id":"https:\/\/parkserviceflughaven.de\/#breadcrumb"},"inLanguage":"de","potentialAction":[{"@type":"ReadAction","target":["https:\/\/parkserviceflughaven.de\/"]}]},{"@type":"ImageObject","inLanguage":"de","@id":"https:\/\/parkserviceflughaven.de\/#primaryimage","url":"https:\/\/parkserviceflughaven.de\/wp-content\/uploads\/2024\/04\/Bildschirmfoto-2024-04-18-um-15.26.01.png","contentUrl":"https:\/\/parkserviceflughaven.de\/wp-content\/uploads\/2024\/04\/Bildschirmfoto-2024-04-18-um-15.26.01.png","width":1438,"height":802},{"@type":"BreadcrumbList","@id":"https:\/\/parkserviceflughaven.de\/#breadcrumb","itemListElement":[{"@type":"ListItem","position":1,"name":"Startseite","item":"https:\/\/parkserviceflughaven.de\/"},{"@type":"ListItem","position":2,"name":"PARKSERVICE"}]},{"@type":"WebSite","@id":"https:\/\/parkserviceflughaven.de\/#website","url":"https:\/\/parkserviceflughaven.de\/","name":"Valet parken D\u00fcsseldorf Flughafen","description":"Fahrzeugabgabe \/ Abholung 08.00 - 00.00 Uhr","publisher":{"@id":"https:\/\/parkserviceflughaven.de\/#organization"},"potentialAction":[{"@type":"SearchAction","target":{"@type":"EntryPoint","urlTemplate":"https:\/\/parkserviceflughaven.de\/?s={search_term_string}"},"query-input":"required name=search_term_string"}],"inLanguage":"de"},{"@type":"Organization","@id":"https:\/\/parkserviceflughaven.de\/#organization","name":"Valet parken D\u00fcsseldorf Flughafen","url":"https:\/\/parkserviceflughaven.de\/","logo":{"@type":"ImageObject","inLanguage":"de","@id":"https:\/\/parkserviceflughaven.de\/#\/schema\/logo\/image\/","url":"https:\/\/parkserviceflughaven.de\/wp-content\/uploads\/2024\/04\/cropped-Bildschirmfoto-2024-04-16-um-00.09.24.png","contentUrl":"https:\/\/parkserviceflughaven.de\/wp-content\/uploads\/2024\/04\/cropped-Bildschirmfoto-2024-04-16-um-00.09.24.png","width":492,"height":135,"caption":"Valet parken D\u00fcsseldorf Flughafen"},"image":{"@id":"https:\/\/parkserviceflughaven.de\/#\/schema\/logo\/image\/"}}]}},"_links":{"self":[{"href":"https:\/\/parkserviceflughaven.de\/index.php\/wp-json\/wp\/v2\/pages\/56","targetHints":{"allow":["GET"]}}],"collection":[{"href":"https:\/\/parkserviceflughaven.de\/index.php\/wp-json\/wp\/v2\/pages"}],"about":[{"href":"https:\/\/parkserviceflughaven.de\/index.php\/wp-json\/wp\/v2\/types\/page"}],"author":[{"embeddable":true,"href":"https:\/\/parkserviceflughaven.de\/index.php\/wp-json\/wp\/v2\/users\/1"}],"replies":[{"embeddable":true,"href":"https:\/\/parkserviceflughaven.de\/index.php\/wp-json\/wp\/v2\/comments?post=56"}],"version-history":[{"count":13,"href":"https:\/\/parkserviceflughaven.de\/index.php\/wp-json\/wp\/v2\/pages\/56\/revisions"}],"predecessor-version":[{"id":165,"href":"https:\/\/parkserviceflughaven.de\/index.php\/wp-json\/wp\/v2\/pages\/56\/revisions\/165"}],"wp:attachment":[{"href":"https:\/\/parkserviceflughaven.de\/index.php\/wp-json\/wp\/v2\/media?parent=56"}],"curies":[{"name":"wp","href":"https:\/\/api.w.org\/{rel}","templated":true}]}}